{"id":630,"date":"2025-05-18T11:48:26","date_gmt":"2025-05-18T09:48:26","guid":{"rendered":"https:\/\/mandecentret.dk\/staasted-i-livet\/?page_id=630"},"modified":"2026-03-24T06:16:57","modified_gmt":"2026-03-24T05:16:57","slug":"om-os","status":"publish","type":"page","link":"https:\/\/mandecentret.dk\/staasted-i-livet\/om-os\/","title":{"rendered":"Om os"},"content":{"rendered":"\t\t<div data-elementor-type=\"wp-page\" data-elementor-id=\"630\" class=\"elementor elementor-630\" data-elementor-post-type=\"page\">\n\t\t\t\t<div class=\"elementor-element elementor-element-f05281d e-flex e-con-boxed e-con e-parent\" data-id=\"f05281d\" data-element_type=\"container\" data-settings=\"{&quot;background_background&quot;:&quot;classic&quot;}\">\n\t\t\t\t\t<div class=\"e-con-inner\">\n\t\t<div class=\"elementor-element elementor-element-b90a3c7 e-con-full e-flex e-con e-child\" data-id=\"b90a3c7\" data-element_type=\"container\">\n\t\t\t\t<div class=\"elementor-element elementor-element-852438b elementor-widget elementor-widget-heading\" data-id=\"852438b\" data-element_type=\"widget\" data-widget_type=\"heading.default\">\n\t\t\t\t<div class=\"elementor-widget-container\">\n\t\t\t\t\t<h2 class=\"elementor-heading-title elementor-size-default\">OM OS<\/h2>\t\t\t\t<\/div>\n\t\t\t\t<\/div>\n\t\t\t\t<div class=\"elementor-element elementor-element-a97e7db elementor-widget elementor-widget-text-editor\" data-id=\"a97e7db\" data-element_type=\"widget\" data-widget_type=\"text-editor.default\">\n\t\t\t\t<div class=\"elementor-widget-container\">\n\t\t\t\t\t\t\t\t\t<p><b>En stor tak til<\/b><\/p><p>Alle medvirkende, medarbejdere p\u00e5 Mandecentret i Odense og K\u00f8benhavn, skuespillere, Odense Kommune, adjunkt Dorte M\u00f8lgaard Christiansen, Institut for Psykologi, SDU, og \u00f8vrige der har medvirket til at realisere denne produktion.<\/p>\t\t\t\t\t\t\t\t<\/div>\n\t\t\t\t<\/div>\n\t\t\t\t<\/div>\n\t\t<div class=\"elementor-element elementor-element-de09012 e-con-full e-flex e-con e-child\" data-id=\"de09012\" data-element_type=\"container\" data-settings=\"{&quot;background_background&quot;:&quot;classic&quot;}\">\n\t\t\t\t<div class=\"elementor-element elementor-element-60d812e elementor-widget elementor-widget-image\" data-id=\"60d812e\" data-element_type=\"widget\" data-widget_type=\"image.default\">\n\t\t\t\t<div class=\"elementor-widget-container\">\n\t\t\t\t\t\t\t\t\t\t\t\t\t\t\t<img fetchpriority=\"high\" decoding=\"async\" width=\"606\" height=\"701\" src=\"https:\/\/mandecentret.dk\/staasted-i-livet\/wp-content\/uploads\/2025\/05\/Group-99.png\" class=\"attachment-large size-large wp-image-715\" alt=\"\" srcset=\"https:\/\/mandecentret.dk\/staasted-i-livet\/wp-content\/uploads\/2025\/05\/Group-99.png 606w, https:\/\/mandecentret.dk\/staasted-i-livet\/wp-content\/uploads\/2025\/05\/Group-99-259x300.png 259w\" sizes=\"(max-width: 606px) 100vw, 606px\" \/>\t\t\t\t\t\t\t\t\t\t\t\t\t\t\t<\/div>\n\t\t\t\t<\/div>\n\t\t\t\t<\/div>\n\t\t\t\t\t<\/div>\n\t\t\t\t<\/div>\n\t\t<div class=\"elementor-element elementor-element-0be8172 e-flex e-con-boxed e-con e-parent\" data-id=\"0be8172\" data-element_type=\"container\" data-settings=\"{&quot;background_background&quot;:&quot;classic&quot;}\">\n\t\t\t\t\t<div class=\"e-con-inner\">\n\t\t<div class=\"elementor-element elementor-element-564a538 e-con-full e-flex e-con e-child\" data-id=\"564a538\" data-element_type=\"container\" data-settings=\"{&quot;background_background&quot;:&quot;classic&quot;}\">\n\t\t\t\t<div class=\"elementor-element elementor-element-2c1e3f4 elementor-widget elementor-widget-text-editor\" data-id=\"2c1e3f4\" data-element_type=\"widget\" data-widget_type=\"text-editor.default\">\n\t\t\t\t<div class=\"elementor-widget-container\">\n\t\t\t\t\t\t\t\t\t<p><strong>Produceret af<\/strong><br \/>Tornfeldt Media<\/p><p><strong>Ide, research, udvikling og manuskript<br \/><\/strong>Mette Tornfeldt<\/p><p><strong>Fotograf<br \/><\/strong>Anders Wiuff<\/p><p><strong>Tone, klip og f\u00e6rdigg\u00f8relse<br \/><\/strong>Storyteller<br \/>Hammer Media<\/p>\t\t\t\t\t\t\t\t<\/div>\n\t\t\t\t<\/div>\n\t\t\t\t<\/div>\n\t\t<div class=\"elementor-element elementor-element-d349317 e-con-full e-flex e-con e-child\" data-id=\"d349317\" data-element_type=\"container\">\n\t\t\t\t<div class=\"elementor-element elementor-element-f410248 elementor-widget elementor-widget-text-editor\" data-id=\"f410248\" data-element_type=\"widget\" data-widget_type=\"text-editor.default\">\n\t\t\t\t<div class=\"elementor-widget-container\">\n\t\t\t\t\t\t\t\t\t<p><span style=\"font-weight: bolder;\">Grafik<br><\/span>Allicat<\/p>\n<p><span style=\"font-weight: bolder;\">Support<br><\/span>MF Media<\/p>\n<p><b>Webside<\/b><br>Steen Johansen<\/p>\t\t\t\t\t\t\t\t<\/div>\n\t\t\t\t<\/div>\n\t\t\t\t<div class=\"elementor-element elementor-element-37239c4 elementor-widget elementor-widget-text-editor\" data-id=\"37239c4\" data-element_type=\"widget\" data-widget_type=\"text-editor.default\">\n\t\t\t\t<div class=\"elementor-widget-container\">\n\t\t\t\t\t\t\t\t\t<p><b>\u00a9 Tornfeldt Media 2025<\/b><\/p><p>Dette materiale er frit tilg\u00e6ngeligt p\u00e5 denne hjemmeside og til brug i ikke-kommercielle undervisnings- og oplysningssammenh\u00e6nge.<br \/>Film og fotos i dette materiale m\u00e5 ikke kopieres eller offentligg\u00f8res uden Feldballe Film &amp; TV\u2019s samtykke.<\/p>\t\t\t\t\t\t\t\t<\/div>\n\t\t\t\t<\/div>\n\t\t\t\t<\/div>\n\t\t\t\t\t<\/div>\n\t\t\t\t<\/div>\n\t\t\t\t<\/div>\n\t\t","protected":false},"excerpt":{"rendered":"<p>OM OS En stor tak til Alle medvirkende, medarbejdere p\u00e5 Mandecentret i Odense og K\u00f8benhavn, skuespillere, Odense Kommune, adjunkt Dorte M\u00f8lgaard Christiansen, Institut for Psykologi, SDU, og \u00f8vrige der har medvirket til at realisere denne produktion. Produceret afTornfeldt Media Ide, research, udvikling og manuskriptMette Tornfeldt FotografAnders Wiuff Tone, klip og f\u00e6rdigg\u00f8relseStorytellerHammer Media GrafikAllicat SupportMF Media [&hellip;]<\/p>\n","protected":false},"author":3,"featured_media":0,"parent":0,"menu_order":0,"comment_status":"closed","ping_status":"closed","template":"elementor_header_footer","meta":{"footnotes":""},"class_list":["post-630","page","type-page","status-publish","hentry"],"yoast_head":"<!-- This site is optimized with the Yoast SEO plugin v25.3.1 - https:\/\/yoast.com\/wordpress\/plugins\/seo\/ -->\n<title>Om os - St\u00e5sted i livet | Mandecentret<\/title>\n<meta name=\"robots\" content=\"index, follow, max-snippet:-1, max-image-preview:large, max-video-preview:-1\" \/>\n<link rel=\"canonical\" href=\"https:\/\/mandecentret.dk\/staasted-i-livet\/om-os\/\" \/>\n<meta property=\"og:locale\" content=\"da_DK\" \/>\n<meta property=\"og:type\" content=\"article\" \/>\n<meta property=\"og:title\" content=\"Om os - St\u00e5sted i livet | Mandecentret\" \/>\n<meta property=\"og:description\" content=\"OM OS En stor tak til Alle medvirkende, medarbejdere p\u00e5 Mandecentret i Odense og K\u00f8benhavn, skuespillere, Odense Kommune, adjunkt Dorte M\u00f8lgaard Christiansen, Institut for Psykologi, SDU, og \u00f8vrige der har medvirket til at realisere denne produktion. Produceret afTornfeldt Media Ide, research, udvikling og manuskriptMette Tornfeldt FotografAnders Wiuff Tone, klip og f\u00e6rdigg\u00f8relseStorytellerHammer Media GrafikAllicat SupportMF Media [&hellip;]\" \/>\n<meta property=\"og:url\" content=\"https:\/\/mandecentret.dk\/staasted-i-livet\/om-os\/\" \/>\n<meta property=\"og:site_name\" content=\"St\u00e5sted i livet | Mandecentret\" \/>\n<meta property=\"article:modified_time\" content=\"2026-03-24T05:16:57+00:00\" \/>\n<meta property=\"og:image\" content=\"http:\/\/mandecentret.dk\/staasted-i-livet\/wp-content\/uploads\/2025\/05\/Group-99.png\" \/>\n<meta name=\"twitter:card\" content=\"summary_large_image\" \/>\n<meta name=\"twitter:label1\" content=\"Estimeret l\u00e6setid\" \/>\n\t<meta name=\"twitter:data1\" content=\"1 minut\" \/>\n<script type=\"application\/ld+json\" class=\"yoast-schema-graph\">{\"@context\":\"https:\/\/schema.org\",\"@graph\":[{\"@type\":\"WebPage\",\"@id\":\"https:\/\/mandecentret.dk\/staasted-i-livet\/om-os\/\",\"url\":\"https:\/\/mandecentret.dk\/staasted-i-livet\/om-os\/\",\"name\":\"Om os - St\u00e5sted i livet | Mandecentret\",\"isPartOf\":{\"@id\":\"https:\/\/mandecentret.dk\/staasted-i-livet\/#website\"},\"primaryImageOfPage\":{\"@id\":\"https:\/\/mandecentret.dk\/staasted-i-livet\/om-os\/#primaryimage\"},\"image\":{\"@id\":\"https:\/\/mandecentret.dk\/staasted-i-livet\/om-os\/#primaryimage\"},\"thumbnailUrl\":\"http:\/\/mandecentret.dk\/staasted-i-livet\/wp-content\/uploads\/2025\/05\/Group-99.png\",\"datePublished\":\"2025-05-18T09:48:26+00:00\",\"dateModified\":\"2026-03-24T05:16:57+00:00\",\"breadcrumb\":{\"@id\":\"https:\/\/mandecentret.dk\/staasted-i-livet\/om-os\/#breadcrumb\"},\"inLanguage\":\"da-DK\",\"potentialAction\":[{\"@type\":\"ReadAction\",\"target\":[\"https:\/\/mandecentret.dk\/staasted-i-livet\/om-os\/\"]}]},{\"@type\":\"ImageObject\",\"inLanguage\":\"da-DK\",\"@id\":\"https:\/\/mandecentret.dk\/staasted-i-livet\/om-os\/#primaryimage\",\"url\":\"https:\/\/mandecentret.dk\/staasted-i-livet\/wp-content\/uploads\/2025\/05\/Group-99.png\",\"contentUrl\":\"https:\/\/mandecentret.dk\/staasted-i-livet\/wp-content\/uploads\/2025\/05\/Group-99.png\",\"width\":606,\"height\":701},{\"@type\":\"BreadcrumbList\",\"@id\":\"https:\/\/mandecentret.dk\/staasted-i-livet\/om-os\/#breadcrumb\",\"itemListElement\":[{\"@type\":\"ListItem\",\"position\":1,\"name\":\"Home\",\"item\":\"https:\/\/mandecentret.dk\/staasted-i-livet\/\"},{\"@type\":\"ListItem\",\"position\":2,\"name\":\"Om os\"}]},{\"@type\":\"WebSite\",\"@id\":\"https:\/\/mandecentret.dk\/staasted-i-livet\/#website\",\"url\":\"https:\/\/mandecentret.dk\/staasted-i-livet\/\",\"name\":\"St\u00e5sted i livet | Mandecentret\",\"description\":\"\",\"potentialAction\":[{\"@type\":\"SearchAction\",\"target\":{\"@type\":\"EntryPoint\",\"urlTemplate\":\"https:\/\/mandecentret.dk\/staasted-i-livet\/?s={search_term_string}\"},\"query-input\":{\"@type\":\"PropertyValueSpecification\",\"valueRequired\":true,\"valueName\":\"search_term_string\"}}],\"inLanguage\":\"da-DK\"}]}<\/script>\n<!-- \/ Yoast SEO plugin. -->","yoast_head_json":{"title":"Om os - St\u00e5sted i livet | Mandecentret","robots":{"index":"index","follow":"follow","max-snippet":"max-snippet:-1","max-image-preview":"max-image-preview:large","max-video-preview":"max-video-preview:-1"},"canonical":"https:\/\/mandecentret.dk\/staasted-i-livet\/om-os\/","og_locale":"da_DK","og_type":"article","og_title":"Om os - St\u00e5sted i livet | Mandecentret","og_description":"OM OS En stor tak til Alle medvirkende, medarbejdere p\u00e5 Mandecentret i Odense og K\u00f8benhavn, skuespillere, Odense Kommune, adjunkt Dorte M\u00f8lgaard Christiansen, Institut for Psykologi, SDU, og \u00f8vrige der har medvirket til at realisere denne produktion. Produceret afTornfeldt Media Ide, research, udvikling og manuskriptMette Tornfeldt FotografAnders Wiuff Tone, klip og f\u00e6rdigg\u00f8relseStorytellerHammer Media GrafikAllicat SupportMF Media [&hellip;]","og_url":"https:\/\/mandecentret.dk\/staasted-i-livet\/om-os\/","og_site_name":"St\u00e5sted i livet | Mandecentret","article_modified_time":"2026-03-24T05:16:57+00:00","og_image":[{"url":"http:\/\/mandecentret.dk\/staasted-i-livet\/wp-content\/uploads\/2025\/05\/Group-99.png","type":"","width":"","height":""}],"twitter_card":"summary_large_image","twitter_misc":{"Estimeret l\u00e6setid":"1 minut"},"schema":{"@context":"https:\/\/schema.org","@graph":[{"@type":"WebPage","@id":"https:\/\/mandecentret.dk\/staasted-i-livet\/om-os\/","url":"https:\/\/mandecentret.dk\/staasted-i-livet\/om-os\/","name":"Om os - St\u00e5sted i livet | Mandecentret","isPartOf":{"@id":"https:\/\/mandecentret.dk\/staasted-i-livet\/#website"},"primaryImageOfPage":{"@id":"https:\/\/mandecentret.dk\/staasted-i-livet\/om-os\/#primaryimage"},"image":{"@id":"https:\/\/mandecentret.dk\/staasted-i-livet\/om-os\/#primaryimage"},"thumbnailUrl":"http:\/\/mandecentret.dk\/staasted-i-livet\/wp-content\/uploads\/2025\/05\/Group-99.png","datePublished":"2025-05-18T09:48:26+00:00","dateModified":"2026-03-24T05:16:57+00:00","breadcrumb":{"@id":"https:\/\/mandecentret.dk\/staasted-i-livet\/om-os\/#breadcrumb"},"inLanguage":"da-DK","potentialAction":[{"@type":"ReadAction","target":["https:\/\/mandecentret.dk\/staasted-i-livet\/om-os\/"]}]},{"@type":"ImageObject","inLanguage":"da-DK","@id":"https:\/\/mandecentret.dk\/staasted-i-livet\/om-os\/#primaryimage","url":"https:\/\/mandecentret.dk\/staasted-i-livet\/wp-content\/uploads\/2025\/05\/Group-99.png","contentUrl":"https:\/\/mandecentret.dk\/staasted-i-livet\/wp-content\/uploads\/2025\/05\/Group-99.png","width":606,"height":701},{"@type":"BreadcrumbList","@id":"https:\/\/mandecentret.dk\/staasted-i-livet\/om-os\/#breadcrumb","itemListElement":[{"@type":"ListItem","position":1,"name":"Home","item":"https:\/\/mandecentret.dk\/staasted-i-livet\/"},{"@type":"ListItem","position":2,"name":"Om os"}]},{"@type":"WebSite","@id":"https:\/\/mandecentret.dk\/staasted-i-livet\/#website","url":"https:\/\/mandecentret.dk\/staasted-i-livet\/","name":"St\u00e5sted i livet | Mandecentret","description":"","potentialAction":[{"@type":"SearchAction","target":{"@type":"EntryPoint","urlTemplate":"https:\/\/mandecentret.dk\/staasted-i-livet\/?s={search_term_string}"},"query-input":{"@type":"PropertyValueSpecification","valueRequired":true,"valueName":"search_term_string"}}],"inLanguage":"da-DK"}]}},"_links":{"self":[{"href":"https:\/\/mandecentret.dk\/staasted-i-livet\/wp-json\/wp\/v2\/pages\/630","targetHints":{"allow":["GET"]}}],"collection":[{"href":"https:\/\/mandecentret.dk\/staasted-i-livet\/wp-json\/wp\/v2\/pages"}],"about":[{"href":"https:\/\/mandecentret.dk\/staasted-i-livet\/wp-json\/wp\/v2\/types\/page"}],"author":[{"embeddable":true,"href":"https:\/\/mandecentret.dk\/staasted-i-livet\/wp-json\/wp\/v2\/users\/3"}],"replies":[{"embeddable":true,"href":"https:\/\/mandecentret.dk\/staasted-i-livet\/wp-json\/wp\/v2\/comments?post=630"}],"version-history":[{"count":35,"href":"https:\/\/mandecentret.dk\/staasted-i-livet\/wp-json\/wp\/v2\/pages\/630\/revisions"}],"predecessor-version":[{"id":1445,"href":"https:\/\/mandecentret.dk\/staasted-i-livet\/wp-json\/wp\/v2\/pages\/630\/revisions\/1445"}],"wp:attachment":[{"href":"https:\/\/mandecentret.dk\/staasted-i-livet\/wp-json\/wp\/v2\/media?parent=630"}],"curies":[{"name":"wp","href":"https:\/\/api.w.org\/{rel}","templated":true}]}}