{"id":2,"date":"2025-04-16T02:19:46","date_gmt":"2025-04-16T00:19:46","guid":{"rendered":"https:\/\/1151-dk.stackstaging.com\/?page_id=2"},"modified":"2025-07-17T11:44:23","modified_gmt":"2025-07-17T09:44:23","slug":"forsiden","status":"publish","type":"page","link":"https:\/\/mandecentret.dk\/staasted-i-livet\/","title":{"rendered":"Forside"},"content":{"rendered":"\t\t<div data-elementor-type=\"wp-page\" data-elementor-id=\"2\" class=\"elementor elementor-2\" data-elementor-post-type=\"page\">\n\t\t\t\t<div class=\"elementor-element elementor-element-6631ad8 e-flex e-con-boxed e-con e-parent\" data-id=\"6631ad8\" data-element_type=\"container\" data-settings=\"{&quot;background_background&quot;:&quot;classic&quot;}\">\n\t\t\t\t\t<div class=\"e-con-inner\">\n\t\t\t\t<div class=\"elementor-element elementor-element-8711e20 elementor-testimonial--skin-default elementor-testimonial--layout-image_inline elementor-testimonial--align-center elementor-widget elementor-widget-testimonial-carousel\" data-id=\"8711e20\" data-element_type=\"widget\" data-settings=\"{&quot;speed&quot;:500,&quot;autoplay&quot;:&quot;yes&quot;,&quot;autoplay_speed&quot;:5000,&quot;loop&quot;:&quot;yes&quot;,&quot;pause_on_hover&quot;:&quot;yes&quot;,&quot;pause_on_interaction&quot;:&quot;yes&quot;,&quot;space_between&quot;:{&quot;unit&quot;:&quot;px&quot;,&quot;size&quot;:10,&quot;sizes&quot;:[]},&quot;space_between_tablet&quot;:{&quot;unit&quot;:&quot;px&quot;,&quot;size&quot;:10,&quot;sizes&quot;:[]},&quot;space_between_mobile&quot;:{&quot;unit&quot;:&quot;px&quot;,&quot;size&quot;:10,&quot;sizes&quot;:[]}}\" data-widget_type=\"testimonial-carousel.default\">\n\t\t\t\t<div class=\"elementor-widget-container\">\n\t\t\t\t\t\t\t\t\t<div class=\"elementor-swiper\">\n\t\t\t\t\t<div class=\"elementor-main-swiper swiper\" role=\"region\" aria-roledescription=\"carousel\" aria-label=\"Slides\">\n\t\t\t\t<div class=\"swiper-wrapper\">\n\t\t\t\t\t\t\t\t\t\t\t<div class=\"swiper-slide\" role=\"group\" aria-roledescription=\"slide\">\n\t\t\t\t\t\t\t\t\t<div class=\"elementor-testimonial\">\n\t\t\t\t\t\t\t<div class=\"elementor-testimonial__content\">\n\t\t\t\t\t<div class=\"elementor-testimonial__text\">\n\t\t\t\t\t\tSiden 1. juli 2024 kan voldsudsatte m\u00e6nd og medf\u00f8lgende b\u00f8rn tilbydes samme hj\u00e6lp og juridiske rettigheder som voldsudsatte kvinder p\u00e5 krisecentre.\t\t\t\t\t<\/div>\n\t\t\t\t\t\t\t\t\t<\/div>\n\t\t\t\t\t\t<div class=\"elementor-testimonial__footer\">\n\t\t\t\t\t\t\t\t\t\t\t<\/div>\n\t\t<\/div>\n\t\t\t\t\t\t\t\t<\/div>\n\t\t\t\t\t\t\t\t\t\t\t<div class=\"swiper-slide\" role=\"group\" aria-roledescription=\"slide\">\n\t\t\t\t\t\t\t\t\t<div class=\"elementor-testimonial\">\n\t\t\t\t\t\t\t<div class=\"elementor-testimonial__content\">\n\t\t\t\t\t<div class=\"elementor-testimonial__text\">\n\t\t\t\t\t\tSt\u00f8rstedelen af de m\u00e6nd, der er indskrevet p\u00e5 Mandecentret, har v\u00e6ret udsat for vold i n\u00e6re relationer. De fleste er udsat for psykisk vold.\t\t\t\t\t<\/div>\n\t\t\t\t\t\t\t\t\t<\/div>\n\t\t\t\t\t\t<div class=\"elementor-testimonial__footer\">\n\t\t\t\t\t\t\t\t\t\t\t<\/div>\n\t\t<\/div>\n\t\t\t\t\t\t\t\t<\/div>\n\t\t\t\t\t\t\t\t\t\t\t<div class=\"swiper-slide\" role=\"group\" aria-roledescription=\"slide\">\n\t\t\t\t\t\t\t\t\t<div class=\"elementor-testimonial\">\n\t\t\t\t\t\t\t<div class=\"elementor-testimonial__content\">\n\t\t\t\t\t<div class=\"elementor-testimonial__text\">\n\t\t\t\t\t\tOmkring 100 b\u00f8rn overnatter \u00e5rligt p\u00e5 Mandecentret sammen med deres far.\t\t\t\t\t<\/div>\n\t\t\t\t\t\t\t\t\t<\/div>\n\t\t\t\t\t\t<div class=\"elementor-testimonial__footer\">\n\t\t\t\t\t\t\t\t\t\t\t<\/div>\n\t\t<\/div>\n\t\t\t\t\t\t\t\t<\/div>\n\t\t\t\t\t\t\t\t\t<\/div>\n\t\t\t\t\t\t\t\t\t\t\t\t\t\t\t\t\t\t\t\t\t<\/div>\n\t\t\t\t<\/div>\n\t\t\t\t\t\t\t\t<\/div>\n\t\t\t\t<\/div>\n\t\t\t\t\t<\/div>\n\t\t\t\t<\/div>\n\t\t<div class=\"elementor-element elementor-element-f05281d e-flex e-con-boxed e-con e-parent\" data-id=\"f05281d\" data-element_type=\"container\" data-settings=\"{&quot;background_background&quot;:&quot;classic&quot;}\">\n\t\t\t\t\t<div class=\"e-con-inner\">\n\t\t<div class=\"elementor-element elementor-element-b90a3c7 e-con-full e-flex e-con e-child\" data-id=\"b90a3c7\" data-element_type=\"container\">\n\t\t\t\t<div class=\"elementor-element elementor-element-852438b elementor-widget elementor-widget-heading\" data-id=\"852438b\" data-element_type=\"widget\" data-widget_type=\"heading.default\">\n\t\t\t\t<div class=\"elementor-widget-container\">\n\t\t\t\t\t<h2 class=\"elementor-heading-title elementor-size-default\">ST\u00c5STED I LIVET<\/h2>\t\t\t\t<\/div>\n\t\t\t\t<\/div>\n\t\t\t\t<div class=\"elementor-element elementor-element-a97e7db elementor-widget elementor-widget-text-editor\" data-id=\"a97e7db\" data-element_type=\"widget\" data-widget_type=\"text-editor.default\">\n\t\t\t\t<div class=\"elementor-widget-container\">\n\t\t\t\t\t\t\t\t\t<p>En hjemmeside til gavn for voldsudsatte m\u00e6nd og deres p\u00e5r\u00f8rende og til fagpersoner, der m\u00f8der disse m\u00e6nd i en arbejdsrelation. Missionen er at nedbryde tabuer og fordomme om m\u00e6nd udsat for vold i n\u00e6re relationer, udbrede viden om vold, hj\u00e6lp og r\u00e5dgivning s\u00e5 flere m\u00e6nd s\u00f8ger hj\u00e6lp.<\/p>\t\t\t\t\t\t\t\t<\/div>\n\t\t\t\t<\/div>\n\t\t\t\t<\/div>\n\t\t<div class=\"elementor-element elementor-element-de09012 e-con-full e-flex e-con e-child\" data-id=\"de09012\" data-element_type=\"container\" data-settings=\"{&quot;background_background&quot;:&quot;classic&quot;}\">\n\t\t\t\t<div class=\"elementor-element elementor-element-fd4befa elementor-align-left elementor-widget elementor-widget-button\" data-id=\"fd4befa\" data-element_type=\"widget\" data-widget_type=\"button.default\">\n\t\t\t\t<div class=\"elementor-widget-container\">\n\t\t\t\t\t\t\t\t\t<div class=\"elementor-button-wrapper\">\n\t\t\t\t\t<a class=\"elementor-button elementor-button-link elementor-size-sm\" href=\"https:\/\/mandecentret.dk\/\" target=\"_blank\">\n\t\t\t\t\t\t<span class=\"elementor-button-content-wrapper\">\n\t\t\t\t\t\t<span class=\"elementor-button-icon\">\n\t\t\t\t<svg aria-hidden=\"true\" class=\"e-font-icon-svg e-fas-arrow-right\" viewBox=\"0 0 448 512\" xmlns=\"http:\/\/www.w3.org\/2000\/svg\"><path d=\"M190.5 66.9l22.2-22.2c9.4-9.4 24.6-9.4 33.9 0L441 239c9.4 9.4 9.4 24.6 0 33.9L246.6 467.3c-9.4 9.4-24.6 9.4-33.9 0l-22.2-22.2c-9.5-9.5-9.3-25 .4-34.3L311.4 296H24c-13.3 0-24-10.7-24-24v-32c0-13.3 10.7-24 24-24h287.4L190.9 101.2c-9.8-9.3-10-24.8-.4-34.3z\"><\/path><\/svg>\t\t\t<\/span>\n\t\t\t\t\t\t\t\t\t<span class=\"elementor-button-text\">Mandecentret<\/span>\n\t\t\t\t\t<\/span>\n\t\t\t\t\t<\/a>\n\t\t\t\t<\/div>\n\t\t\t\t\t\t\t\t<\/div>\n\t\t\t\t<\/div>\n\t\t\t\t<div class=\"elementor-element elementor-element-317e7cc elementor-widget elementor-widget-button\" data-id=\"317e7cc\" data-element_type=\"widget\" data-widget_type=\"button.default\">\n\t\t\t\t<div class=\"elementor-widget-container\">\n\t\t\t\t\t\t\t\t\t<div class=\"elementor-button-wrapper\">\n\t\t\t\t\t<a class=\"elementor-button elementor-button-link elementor-size-sm\" href=\"http:\/\/mandecentret.dk\/staasted-i-livet\/wp-content\/uploads\/2025\/07\/raadgivning_samlet.pdf\" target=\"_blank\">\n\t\t\t\t\t\t<span class=\"elementor-button-content-wrapper\">\n\t\t\t\t\t\t<span class=\"elementor-button-icon\">\n\t\t\t\t<svg aria-hidden=\"true\" class=\"e-font-icon-svg e-fas-arrow-right\" viewBox=\"0 0 448 512\" xmlns=\"http:\/\/www.w3.org\/2000\/svg\"><path d=\"M190.5 66.9l22.2-22.2c9.4-9.4 24.6-9.4 33.9 0L441 239c9.4 9.4 9.4 24.6 0 33.9L246.6 467.3c-9.4 9.4-24.6 9.4-33.9 0l-22.2-22.2c-9.5-9.5-9.3-25 .4-34.3L311.4 296H24c-13.3 0-24-10.7-24-24v-32c0-13.3 10.7-24 24-24h287.4L190.9 101.2c-9.8-9.3-10-24.8-.4-34.3z\"><\/path><\/svg>\t\t\t<\/span>\n\t\t\t\t\t\t\t\t\t<span class=\"elementor-button-text\">R\u00e5dgivning <\/span>\n\t\t\t\t\t<\/span>\n\t\t\t\t\t<\/a>\n\t\t\t\t<\/div>\n\t\t\t\t\t\t\t\t<\/div>\n\t\t\t\t<\/div>\n\t\t\t\t<\/div>\n\t\t\t\t\t<\/div>\n\t\t\t\t<\/div>\n\t\t<div class=\"elementor-element elementor-element-9d1cdbe e-flex e-con-boxed e-con e-parent\" data-id=\"9d1cdbe\" data-element_type=\"container\">\n\t\t\t\t\t<div class=\"e-con-inner\">\n\t\t\t\t<div class=\"elementor-element elementor-element-7b193d3 elementor-widget elementor-widget-heading\" data-id=\"7b193d3\" data-element_type=\"widget\" data-widget_type=\"heading.default\">\n\t\t\t\t<div class=\"elementor-widget-container\">\n\t\t\t\t\t<h2 class=\"elementor-heading-title elementor-size-default\">V\u00c6LG DIN INDGANG<\/h2>\t\t\t\t<\/div>\n\t\t\t\t<\/div>\n\t\t\t\t\t<\/div>\n\t\t\t\t<\/div>\n\t\t<div class=\"elementor-element elementor-element-8bb7aeb e-flex e-con-boxed e-con e-parent\" data-id=\"8bb7aeb\" data-element_type=\"container\">\n\t\t\t\t\t<div class=\"e-con-inner\">\n\t\t<div class=\"elementor-element elementor-element-f4df9ee e-con-full e-flex e-con e-child\" data-id=\"f4df9ee\" data-element_type=\"container\">\n\t\t\t\t<div class=\"elementor-element elementor-element-470e5a8 elementor-widget elementor-widget-image\" data-id=\"470e5a8\" data-element_type=\"widget\" data-widget_type=\"image.default\">\n\t\t\t\t<div class=\"elementor-widget-container\">\n\t\t\t\t\t\t\t\t\t\t\t\t\t\t\t\t<a href=\"https:\/\/mandecentret.dk\/staasted-i-livet\/maendogpaaroerende\/\">\n\t\t\t\t\t\t\t<img fetchpriority=\"high\" decoding=\"async\" width=\"800\" height=\"687\" src=\"https:\/\/mandecentret.dk\/staasted-i-livet\/wp-content\/uploads\/2025\/04\/menu-1_-e1745251312517.png\" class=\"attachment-large size-large wp-image-139\" alt=\"\" \/>\t\t\t\t\t\t\t\t<\/a>\n\t\t\t\t\t\t\t\t\t\t\t\t\t\t\t<\/div>\n\t\t\t\t<\/div>\n\t\t\t\t<\/div>\n\t\t<div class=\"elementor-element elementor-element-ff33970 e-con-full elementor-hidden-mobile e-flex e-con e-child\" data-id=\"ff33970\" data-element_type=\"container\">\n\t\t\t\t<div class=\"elementor-element elementor-element-6e266ef elementor-widget elementor-widget-image\" data-id=\"6e266ef\" data-element_type=\"widget\" data-widget_type=\"image.default\">\n\t\t\t\t<div class=\"elementor-widget-container\">\n\t\t\t\t\t\t\t\t\t\t\t\t\t\t\t\t<a href=\"https:\/\/mandecentret.dk\/staasted-i-livet\/fagpersoner\/\">\n\t\t\t\t\t\t\t<img decoding=\"async\" width=\"800\" height=\"686\" src=\"https:\/\/mandecentret.dk\/staasted-i-livet\/wp-content\/uploads\/2025\/04\/menu-2_2.png\" class=\"attachment-large size-large wp-image-138\" alt=\"\" srcset=\"https:\/\/mandecentret.dk\/staasted-i-livet\/wp-content\/uploads\/2025\/04\/menu-2_2.png 945w, https:\/\/mandecentret.dk\/staasted-i-livet\/wp-content\/uploads\/2025\/04\/menu-2_2-300x257.png 300w, https:\/\/mandecentret.dk\/staasted-i-livet\/wp-content\/uploads\/2025\/04\/menu-2_2-768x658.png 768w\" sizes=\"(max-width: 800px) 100vw, 800px\" \/>\t\t\t\t\t\t\t\t<\/a>\n\t\t\t\t\t\t\t\t\t\t\t\t\t\t\t<\/div>\n\t\t\t\t<\/div>\n\t\t\t\t<\/div>\n\t\t\t\t\t<\/div>\n\t\t\t\t<\/div>\n\t\t<div class=\"elementor-element elementor-element-675fdf2 e-flex e-con-boxed e-con e-parent\" data-id=\"675fdf2\" data-element_type=\"container\">\n\t\t\t\t\t<div class=\"e-con-inner\">\n\t\t<div class=\"elementor-element elementor-element-7fc5445 e-con-full e-flex e-con e-child\" data-id=\"7fc5445\" data-element_type=\"container\">\n\t\t\t\t<div class=\"elementor-element elementor-element-213aee4 elementor-widget elementor-widget-text-editor\" data-id=\"213aee4\" data-element_type=\"widget\" data-widget_type=\"text-editor.default\">\n\t\t\t\t<div class=\"elementor-widget-container\">\n\t\t\t\t\t\t\t\t\t<p>Som krise- og voldsudsat mand kan det ikke alene v\u00e6re sv\u00e6rt at erkende behovet for hj\u00e6lp over for sig selv og sine n\u00e6rmeste, men ogs\u00e5 at tage skridtet til at s\u00f8ge hj\u00e6lp, som ofte f\u00f8les som det st\u00f8rste skridt. L\u00e6s, lyt og se hvordan voldsramte m\u00e6nd er kommet godt videre i livet med god hj\u00e6lp og st\u00f8tte.<\/p>\t\t\t\t\t\t\t\t<\/div>\n\t\t\t\t<\/div>\n\t\t\t\t<\/div>\n\t\t<div class=\"elementor-element elementor-element-ae3e696 e-con-full e-flex e-con e-child\" data-id=\"ae3e696\" data-element_type=\"container\">\n\t\t\t\t<div class=\"elementor-element elementor-element-ae8c129 elementor-hidden-desktop elementor-widget elementor-widget-image\" data-id=\"ae8c129\" data-element_type=\"widget\" data-widget_type=\"image.default\">\n\t\t\t\t<div class=\"elementor-widget-container\">\n\t\t\t\t\t\t\t\t\t\t\t\t\t\t\t\t<a href=\"https:\/\/mandecentret.dk\/staasted-i-livet\/fagpersoner\/\">\n\t\t\t\t\t\t\t<img decoding=\"async\" width=\"800\" height=\"686\" src=\"https:\/\/mandecentret.dk\/staasted-i-livet\/wp-content\/uploads\/2025\/04\/menu-2_2.png\" class=\"attachment-large size-large wp-image-138\" alt=\"\" srcset=\"https:\/\/mandecentret.dk\/staasted-i-livet\/wp-content\/uploads\/2025\/04\/menu-2_2.png 945w, https:\/\/mandecentret.dk\/staasted-i-livet\/wp-content\/uploads\/2025\/04\/menu-2_2-300x257.png 300w, https:\/\/mandecentret.dk\/staasted-i-livet\/wp-content\/uploads\/2025\/04\/menu-2_2-768x658.png 768w\" sizes=\"(max-width: 800px) 100vw, 800px\" \/>\t\t\t\t\t\t\t\t<\/a>\n\t\t\t\t\t\t\t\t\t\t\t\t\t\t\t<\/div>\n\t\t\t\t<\/div>\n\t\t\t\t<\/div>\n\t\t<div class=\"elementor-element elementor-element-3f773dd e-con-full e-flex e-con e-child\" data-id=\"3f773dd\" data-element_type=\"container\">\n\t\t\t\t<div class=\"elementor-element elementor-element-cd96f4e elementor-widget elementor-widget-text-editor\" data-id=\"cd96f4e\" data-element_type=\"widget\" data-widget_type=\"text-editor.default\">\n\t\t\t\t<div class=\"elementor-widget-container\">\n\t\t\t\t\t\t\t\t\t<p>Det kr\u00e6ver stor forst\u00e5else og indsigt at yde kompetent og professionel hj\u00e6lp og r\u00e5dgivning til en mand udsat for partnervold. Klik dig videre til mere viden, der kan styrke dine kompetencer i m\u00f8det med voldsramte m\u00e6nd, deres b\u00f8rn og \u00f8vrige p\u00e5r\u00f8rende.<\/p>\t\t\t\t\t\t\t\t<\/div>\n\t\t\t\t<\/div>\n\t\t\t\t<\/div>\n\t\t<div class=\"elementor-element elementor-element-1a04fb1 e-con-full e-flex e-con e-child\" data-id=\"1a04fb1\" data-element_type=\"container\">\n\t\t\t\t<\/div>\n\t\t\t\t\t<\/div>\n\t\t\t\t<\/div>\n\t\t\t\t<\/div>\n\t\t","protected":false},"excerpt":{"rendered":"<p>Siden 1. juli 2024 kan voldsudsatte m\u00e6nd og medf\u00f8lgende b\u00f8rn tilbydes samme hj\u00e6lp og juridiske rettigheder som voldsudsatte kvinder p\u00e5 krisecentre. St\u00f8rstedelen af de m\u00e6nd, der er indskrevet p\u00e5 Mandecentret, har v\u00e6ret udsat for vold i n\u00e6re relationer. De fleste er udsat for psykisk vold. Omkring 100 b\u00f8rn overnatter \u00e5rligt p\u00e5 Mandecentret sammen med deres [&hellip;]<\/p>\n","protected":false},"author":3,"featured_media":0,"parent":0,"menu_order":0,"comment_status":"closed","ping_status":"closed","template":"elementor_header_footer","meta":{"footnotes":""},"class_list":["post-2","page","type-page","status-publish","hentry"],"yoast_head":"<!-- This site is optimized with the Yoast SEO plugin v25.3.1 - https:\/\/yoast.com\/wordpress\/plugins\/seo\/ -->\n<title>Forside - St\u00e5sted i livet | Mandecentret<\/title>\n<meta name=\"robots\" content=\"index, follow, max-snippet:-1, max-image-preview:large, max-video-preview:-1\" \/>\n<link rel=\"canonical\" href=\"https:\/\/mandecentret.dk\/staasted-i-livet\/\" \/>\n<meta property=\"og:locale\" content=\"da_DK\" \/>\n<meta property=\"og:type\" content=\"article\" \/>\n<meta property=\"og:title\" content=\"Forside - St\u00e5sted i livet | Mandecentret\" \/>\n<meta property=\"og:description\" content=\"Siden 1. juli 2024 kan voldsudsatte m\u00e6nd og medf\u00f8lgende b\u00f8rn tilbydes samme hj\u00e6lp og juridiske rettigheder som voldsudsatte kvinder p\u00e5 krisecentre. St\u00f8rstedelen af de m\u00e6nd, der er indskrevet p\u00e5 Mandecentret, har v\u00e6ret udsat for vold i n\u00e6re relationer. De fleste er udsat for psykisk vold. Omkring 100 b\u00f8rn overnatter \u00e5rligt p\u00e5 Mandecentret sammen med deres [&hellip;]\" \/>\n<meta property=\"og:url\" content=\"https:\/\/mandecentret.dk\/staasted-i-livet\/\" \/>\n<meta property=\"og:site_name\" content=\"St\u00e5sted i livet | Mandecentret\" \/>\n<meta property=\"article:modified_time\" content=\"2025-07-17T09:44:23+00:00\" \/>\n<meta property=\"og:image\" content=\"https:\/\/mandecentret.dk\/staasted-i-livet\/wp-content\/uploads\/2025\/04\/menu-1_-e1745251312517.png\" \/>\n\t<meta property=\"og:image:width\" content=\"943\" \/>\n\t<meta property=\"og:image:height\" content=\"810\" \/>\n\t<meta property=\"og:image:type\" content=\"image\/png\" \/>\n<meta name=\"twitter:card\" content=\"summary_large_image\" \/>\n<meta name=\"twitter:label1\" content=\"Estimeret l\u00e6setid\" \/>\n\t<meta name=\"twitter:data1\" content=\"2 minutter\" \/>\n<script type=\"application\/ld+json\" class=\"yoast-schema-graph\">{\"@context\":\"https:\/\/schema.org\",\"@graph\":[{\"@type\":\"WebPage\",\"@id\":\"https:\/\/mandecentret.dk\/staasted-i-livet\/\",\"url\":\"https:\/\/mandecentret.dk\/staasted-i-livet\/\",\"name\":\"Forside - St\u00e5sted i livet | Mandecentret\",\"isPartOf\":{\"@id\":\"https:\/\/mandecentret.dk\/staasted-i-livet\/#website\"},\"primaryImageOfPage\":{\"@id\":\"https:\/\/mandecentret.dk\/staasted-i-livet\/#primaryimage\"},\"image\":{\"@id\":\"https:\/\/mandecentret.dk\/staasted-i-livet\/#primaryimage\"},\"thumbnailUrl\":\"http:\/\/mandecentret.dk\/staasted-i-livet\/wp-content\/uploads\/2025\/04\/menu-1_-e1745251312517.png\",\"datePublished\":\"2025-04-16T00:19:46+00:00\",\"dateModified\":\"2025-07-17T09:44:23+00:00\",\"breadcrumb\":{\"@id\":\"https:\/\/mandecentret.dk\/staasted-i-livet\/#breadcrumb\"},\"inLanguage\":\"da-DK\",\"potentialAction\":[{\"@type\":\"ReadAction\",\"target\":[\"https:\/\/mandecentret.dk\/staasted-i-livet\/\"]}]},{\"@type\":\"ImageObject\",\"inLanguage\":\"da-DK\",\"@id\":\"https:\/\/mandecentret.dk\/staasted-i-livet\/#primaryimage\",\"url\":\"https:\/\/mandecentret.dk\/staasted-i-livet\/wp-content\/uploads\/2025\/04\/menu-1_-e1745251312517.png\",\"contentUrl\":\"https:\/\/mandecentret.dk\/staasted-i-livet\/wp-content\/uploads\/2025\/04\/menu-1_-e1745251312517.png\",\"width\":943,\"height\":810},{\"@type\":\"BreadcrumbList\",\"@id\":\"https:\/\/mandecentret.dk\/staasted-i-livet\/#breadcrumb\",\"itemListElement\":[{\"@type\":\"ListItem\",\"position\":1,\"name\":\"Home\",\"item\":\"https:\/\/mandecentret.dk\/staasted-i-livet\/\"},{\"@type\":\"ListItem\",\"position\":2,\"name\":\"Forside\"}]},{\"@type\":\"WebSite\",\"@id\":\"https:\/\/mandecentret.dk\/staasted-i-livet\/#website\",\"url\":\"https:\/\/mandecentret.dk\/staasted-i-livet\/\",\"name\":\"St\u00e5sted i livet | Mandecentret\",\"description\":\"\",\"potentialAction\":[{\"@type\":\"SearchAction\",\"target\":{\"@type\":\"EntryPoint\",\"urlTemplate\":\"https:\/\/mandecentret.dk\/staasted-i-livet\/?s={search_term_string}\"},\"query-input\":{\"@type\":\"PropertyValueSpecification\",\"valueRequired\":true,\"valueName\":\"search_term_string\"}}],\"inLanguage\":\"da-DK\"}]}<\/script>\n<!-- \/ Yoast SEO plugin. -->","yoast_head_json":{"title":"Forside - St\u00e5sted i livet | Mandecentret","robots":{"index":"index","follow":"follow","max-snippet":"max-snippet:-1","max-image-preview":"max-image-preview:large","max-video-preview":"max-video-preview:-1"},"canonical":"https:\/\/mandecentret.dk\/staasted-i-livet\/","og_locale":"da_DK","og_type":"article","og_title":"Forside - St\u00e5sted i livet | Mandecentret","og_description":"Siden 1. juli 2024 kan voldsudsatte m\u00e6nd og medf\u00f8lgende b\u00f8rn tilbydes samme hj\u00e6lp og juridiske rettigheder som voldsudsatte kvinder p\u00e5 krisecentre. St\u00f8rstedelen af de m\u00e6nd, der er indskrevet p\u00e5 Mandecentret, har v\u00e6ret udsat for vold i n\u00e6re relationer. De fleste er udsat for psykisk vold. Omkring 100 b\u00f8rn overnatter \u00e5rligt p\u00e5 Mandecentret sammen med deres [&hellip;]","og_url":"https:\/\/mandecentret.dk\/staasted-i-livet\/","og_site_name":"St\u00e5sted i livet | Mandecentret","article_modified_time":"2025-07-17T09:44:23+00:00","og_image":[{"width":943,"height":810,"url":"https:\/\/mandecentret.dk\/staasted-i-livet\/wp-content\/uploads\/2025\/04\/menu-1_-e1745251312517.png","type":"image\/png"}],"twitter_card":"summary_large_image","twitter_misc":{"Estimeret l\u00e6setid":"2 minutter"},"schema":{"@context":"https:\/\/schema.org","@graph":[{"@type":"WebPage","@id":"https:\/\/mandecentret.dk\/staasted-i-livet\/","url":"https:\/\/mandecentret.dk\/staasted-i-livet\/","name":"Forside - St\u00e5sted i livet | Mandecentret","isPartOf":{"@id":"https:\/\/mandecentret.dk\/staasted-i-livet\/#website"},"primaryImageOfPage":{"@id":"https:\/\/mandecentret.dk\/staasted-i-livet\/#primaryimage"},"image":{"@id":"https:\/\/mandecentret.dk\/staasted-i-livet\/#primaryimage"},"thumbnailUrl":"http:\/\/mandecentret.dk\/staasted-i-livet\/wp-content\/uploads\/2025\/04\/menu-1_-e1745251312517.png","datePublished":"2025-04-16T00:19:46+00:00","dateModified":"2025-07-17T09:44:23+00:00","breadcrumb":{"@id":"https:\/\/mandecentret.dk\/staasted-i-livet\/#breadcrumb"},"inLanguage":"da-DK","potentialAction":[{"@type":"ReadAction","target":["https:\/\/mandecentret.dk\/staasted-i-livet\/"]}]},{"@type":"ImageObject","inLanguage":"da-DK","@id":"https:\/\/mandecentret.dk\/staasted-i-livet\/#primaryimage","url":"https:\/\/mandecentret.dk\/staasted-i-livet\/wp-content\/uploads\/2025\/04\/menu-1_-e1745251312517.png","contentUrl":"https:\/\/mandecentret.dk\/staasted-i-livet\/wp-content\/uploads\/2025\/04\/menu-1_-e1745251312517.png","width":943,"height":810},{"@type":"BreadcrumbList","@id":"https:\/\/mandecentret.dk\/staasted-i-livet\/#breadcrumb","itemListElement":[{"@type":"ListItem","position":1,"name":"Home","item":"https:\/\/mandecentret.dk\/staasted-i-livet\/"},{"@type":"ListItem","position":2,"name":"Forside"}]},{"@type":"WebSite","@id":"https:\/\/mandecentret.dk\/staasted-i-livet\/#website","url":"https:\/\/mandecentret.dk\/staasted-i-livet\/","name":"St\u00e5sted i livet | Mandecentret","description":"","potentialAction":[{"@type":"SearchAction","target":{"@type":"EntryPoint","urlTemplate":"https:\/\/mandecentret.dk\/staasted-i-livet\/?s={search_term_string}"},"query-input":{"@type":"PropertyValueSpecification","valueRequired":true,"valueName":"search_term_string"}}],"inLanguage":"da-DK"}]}},"_links":{"self":[{"href":"https:\/\/mandecentret.dk\/staasted-i-livet\/wp-json\/wp\/v2\/pages\/2","targetHints":{"allow":["GET"]}}],"collection":[{"href":"https:\/\/mandecentret.dk\/staasted-i-livet\/wp-json\/wp\/v2\/pages"}],"about":[{"href":"https:\/\/mandecentret.dk\/staasted-i-livet\/wp-json\/wp\/v2\/types\/page"}],"author":[{"embeddable":true,"href":"https:\/\/mandecentret.dk\/staasted-i-livet\/wp-json\/wp\/v2\/users\/3"}],"replies":[{"embeddable":true,"href":"https:\/\/mandecentret.dk\/staasted-i-livet\/wp-json\/wp\/v2\/comments?post=2"}],"version-history":[{"count":272,"href":"https:\/\/mandecentret.dk\/staasted-i-livet\/wp-json\/wp\/v2\/pages\/2\/revisions"}],"predecessor-version":[{"id":1431,"href":"https:\/\/mandecentret.dk\/staasted-i-livet\/wp-json\/wp\/v2\/pages\/2\/revisions\/1431"}],"wp:attachment":[{"href":"https:\/\/mandecentret.dk\/staasted-i-livet\/wp-json\/wp\/v2\/media?parent=2"}],"curies":[{"name":"wp","href":"https:\/\/api.w.org\/{rel}","templated":true}]}}