{"id":1080,"date":"2025-06-09T12:32:50","date_gmt":"2025-06-09T10:32:50","guid":{"rendered":"https:\/\/mandecentret.dk\/staasted-i-livet\/?page_id=1080"},"modified":"2025-06-23T10:50:21","modified_gmt":"2025-06-23T08:50:21","slug":"situationsfilm2a","status":"publish","type":"page","link":"https:\/\/mandecentret.dk\/staasted-i-livet\/situationsfilm2a\/","title":{"rendered":"Situationsfilm 2a"},"content":{"rendered":"\t\t<div data-elementor-type=\"wp-page\" data-elementor-id=\"1080\" class=\"elementor elementor-1080\" data-elementor-post-type=\"page\">\n\t\t\t\t<div class=\"elementor-element elementor-element-6648a8f e-flex e-con-boxed e-con e-parent\" data-id=\"6648a8f\" data-element_type=\"container\">\n\t\t\t\t\t<div class=\"e-con-inner\">\n\t\t<div class=\"elementor-element elementor-element-4e53df4 e-con-full e-flex e-con e-child\" data-id=\"4e53df4\" data-element_type=\"container\">\n\t\t\t\t<div class=\"elementor-element elementor-element-3feba1d elementor-widget elementor-widget-text-editor\" data-id=\"3feba1d\" data-element_type=\"widget\" data-widget_type=\"text-editor.default\">\n\t\t\t\t<div class=\"elementor-widget-container\">\n\t\t\t\t\t\t\t\t\t<p>Til m\u00f8de om for\u00e6ldreretituations<\/p>\t\t\t\t\t\t\t\t<\/div>\n\t\t\t\t<\/div>\n\t\t\t\t<\/div>\n\t\t\t\t\t<\/div>\n\t\t\t\t<\/div>\n\t\t<div class=\"elementor-element elementor-element-5946d94 e-flex e-con-boxed e-con e-parent\" data-id=\"5946d94\" data-element_type=\"container\">\n\t\t\t\t\t<div class=\"e-con-inner\">\n\t\t<div class=\"elementor-element elementor-element-7ee7c04 e-con-full e-flex e-con e-child\" data-id=\"7ee7c04\" data-element_type=\"container\" data-settings=\"{&quot;background_background&quot;:&quot;classic&quot;}\">\n\t\t\t\t<div class=\"elementor-element elementor-element-270b940 elementor-widget elementor-widget-video\" data-id=\"270b940\" data-element_type=\"widget\" data-settings=\"{&quot;video_type&quot;:&quot;vimeo&quot;}\" data-widget_type=\"video.default\">\n\t\t\t\t<div class=\"elementor-widget-container\">\n\t\t\t\t\t\t\t<div class=\"elementor-wrapper elementor-open-inline\">\n\t\t\t<iframe class=\"elementor-video-iframe\" allowfullscreen allow=\"clipboard-write\" title=\"vimeo videoafspiller\" src=\"https:\/\/player.vimeo.com\/video\/1092104774?color&amp;autopause=0&amp;loop=0&amp;muted=0&amp;title=1&amp;portrait=1&amp;byline=1&amp;h=2ff6e40a93#t=\"><\/iframe>\t\t<\/div>\n\t\t\t\t\t\t<\/div>\n\t\t\t\t<\/div>\n\t\t\t\t<\/div>\n\t\t\t\t\t<\/div>\n\t\t\t\t<\/div>\n\t\t<div class=\"elementor-element elementor-element-f4fb2b4 e-flex e-con-boxed e-con e-parent\" data-id=\"f4fb2b4\" data-element_type=\"container\" data-settings=\"{&quot;background_background&quot;:&quot;classic&quot;}\">\n\t\t\t\t\t<div class=\"e-con-inner\">\n\t\t<div class=\"elementor-element elementor-element-3861ff8 e-con-full e-flex e-con e-child\" data-id=\"3861ff8\" data-element_type=\"container\" data-settings=\"{&quot;background_background&quot;:&quot;classic&quot;}\">\n\t\t\t\t<div class=\"elementor-element elementor-element-83bb6ce elementor-widget elementor-widget-text-editor\" data-id=\"83bb6ce\" data-element_type=\"widget\" data-widget_type=\"text-editor.default\">\n\t\t\t\t<div class=\"elementor-widget-container\">\n\t\t\t\t\t\t\t\t\t<p><span style=\"color: #80a9bd;\">Refleksionssp\u00f8rgsm\u00e5l<\/span><\/p>\t\t\t\t\t\t\t\t<\/div>\n\t\t\t\t<\/div>\n\t\t\t\t<\/div>\n\t\t<div class=\"elementor-element elementor-element-a563416 e-con-full e-flex e-con e-child\" data-id=\"a563416\" data-element_type=\"container\">\n\t\t\t\t<div class=\"elementor-element elementor-element-f550c4b elementor-widget elementor-widget-button\" data-id=\"f550c4b\" data-element_type=\"widget\" data-widget_type=\"button.default\">\n\t\t\t\t<div class=\"elementor-widget-container\">\n\t\t\t\t\t\t\t\t\t<div class=\"elementor-button-wrapper\">\n\t\t\t\t\t<a class=\"elementor-button elementor-button-link elementor-size-sm\" href=\"https:\/\/mandecentret.dk\/staasted-i-livet\/situationsfilm2\/\">\n\t\t\t\t\t\t<span class=\"elementor-button-content-wrapper\">\n\t\t\t\t\t\t<span class=\"elementor-button-icon\">\n\t\t\t\t<svg aria-hidden=\"true\" class=\"e-font-icon-svg e-fas-arrow-right\" viewBox=\"0 0 448 512\" xmlns=\"http:\/\/www.w3.org\/2000\/svg\"><path d=\"M190.5 66.9l22.2-22.2c9.4-9.4 24.6-9.4 33.9 0L441 239c9.4 9.4 9.4 24.6 0 33.9L246.6 467.3c-9.4 9.4-24.6 9.4-33.9 0l-22.2-22.2c-9.5-9.5-9.3-25 .4-34.3L311.4 296H24c-13.3 0-24-10.7-24-24v-32c0-13.3 10.7-24 24-24h287.4L190.9 101.2c-9.8-9.3-10-24.8-.4-34.3z\"><\/path><\/svg>\t\t\t<\/span>\n\t\t\t\t\t\t\t\t\t<span class=\"elementor-button-text\">nyt valg<\/span>\n\t\t\t\t\t<\/span>\n\t\t\t\t\t<\/a>\n\t\t\t\t<\/div>\n\t\t\t\t\t\t\t\t<\/div>\n\t\t\t\t<\/div>\n\t\t\t\t<\/div>\n\t\t<div class=\"elementor-element elementor-element-0379b76 e-con-full e-flex e-con e-child\" data-id=\"0379b76\" data-element_type=\"container\">\n\t\t\t\t<div class=\"elementor-element elementor-element-cf39cef elementor-widget elementor-widget-button\" data-id=\"cf39cef\" data-element_type=\"widget\" data-widget_type=\"button.default\">\n\t\t\t\t<div class=\"elementor-widget-container\">\n\t\t\t\t\t\t\t\t\t<div class=\"elementor-button-wrapper\">\n\t\t\t\t\t<a class=\"elementor-button elementor-button-link elementor-size-sm\" href=\"https:\/\/mandecentret.dk\/staasted-i-livet\/fagpersoner\/\">\n\t\t\t\t\t\t<span class=\"elementor-button-content-wrapper\">\n\t\t\t\t\t\t<span class=\"elementor-button-icon\">\n\t\t\t\t<svg aria-hidden=\"true\" class=\"e-font-icon-svg e-fas-arrow-right\" viewBox=\"0 0 448 512\" xmlns=\"http:\/\/www.w3.org\/2000\/svg\"><path d=\"M190.5 66.9l22.2-22.2c9.4-9.4 24.6-9.4 33.9 0L441 239c9.4 9.4 9.4 24.6 0 33.9L246.6 467.3c-9.4 9.4-24.6 9.4-33.9 0l-22.2-22.2c-9.5-9.5-9.3-25 .4-34.3L311.4 296H24c-13.3 0-24-10.7-24-24v-32c0-13.3 10.7-24 24-24h287.4L190.9 101.2c-9.8-9.3-10-24.8-.4-34.3z\"><\/path><\/svg>\t\t\t<\/span>\n\t\t\t\t\t\t\t\t\t<span class=\"elementor-button-text\">afslut<\/span>\n\t\t\t\t\t<\/span>\n\t\t\t\t\t<\/a>\n\t\t\t\t<\/div>\n\t\t\t\t\t\t\t\t<\/div>\n\t\t\t\t<\/div>\n\t\t\t\t<\/div>\n\t\t\t\t\t<\/div>\n\t\t\t\t<\/div>\n\t\t<div class=\"elementor-element elementor-element-a915206 e-flex e-con-boxed e-con e-parent\" data-id=\"a915206\" data-element_type=\"container\">\n\t\t\t\t\t<div class=\"e-con-inner\">\n\t\t<div class=\"elementor-element elementor-element-956e840 e-con-full e-flex e-con e-child\" data-id=\"956e840\" data-element_type=\"container\" data-settings=\"{&quot;background_background&quot;:&quot;classic&quot;}\">\n\t\t<div class=\"elementor-element elementor-element-027f5b5 e-con-full e-flex e-con e-child\" data-id=\"027f5b5\" data-element_type=\"container\" data-settings=\"{&quot;background_background&quot;:&quot;classic&quot;}\">\n\t\t\t\t<\/div>\n\t\t<div class=\"elementor-element elementor-element-0f7e2d3 e-con-full e-flex e-con e-child\" data-id=\"0f7e2d3\" data-element_type=\"container\">\n\t\t\t\t<div class=\"elementor-element elementor-element-33ba247 elementor-widget elementor-widget-text-editor\" data-id=\"33ba247\" data-element_type=\"widget\" data-widget_type=\"text-editor.default\">\n\t\t\t\t<div class=\"elementor-widget-container\">\n\t\t\t\t\t\t\t\t\t<p>1. Hvad t\u00e6nker du overordnet om samtalen i denne del?<\/p><p>2. Hvad t\u00e6nker du om farens reaktion? Om morens?<\/p><p>3. Hvilken betydning kan for\u00e6ldrenes reaktion f\u00e5 for det videre forl\u00f8b og hvorfor?<\/p><p>4. Fors\u00f8g at s\u00e6tte dig i for\u00e6ldrenes sted i forhold til fagpersonalets m\u00e5de at m\u00f8de dem p\u00e5. Reflekt\u00e9r over de f\u00f8lelser og tanker for\u00e6ldrene kan have. Og din tilgang som fagperson.<\/p><p>Mandecentrets r\u00e5dgivning er helhedsorienteret og med blik for hele familien. <br \/>For m\u00e6nd med b\u00f8rn er der s\u00e6rligt fokus p\u00e5 at styrke for\u00e6ldrene i at skabe eller opretholde et godt for\u00e6ldresamarbejde, bevare en st\u00e6rk relation til sine b\u00f8rn og forblive en god far. <br \/>Klik p\u00e5 linket for at f\u00e5 mere information om mandens vej gennem Mandecentret\u00a0<a style=\"background-color: #ffffff;\" href=\"https:\/\/mandecentret.dk\/kommuner\/\" target=\"_blank\" rel=\"noopener\">https:\/\/mandecentret.dk\/kommuner\/<\/a><\/p>\t\t\t\t\t\t\t\t<\/div>\n\t\t\t\t<\/div>\n\t\t\t\t<\/div>\n\t\t<div class=\"elementor-element elementor-element-3b0ab60 e-con-full e-flex e-con e-child\" data-id=\"3b0ab60\" data-element_type=\"container\">\n\t\t\t\t<\/div>\n\t\t\t\t<\/div>\n\t\t\t\t\t<\/div>\n\t\t\t\t<\/div>\n\t\t<div class=\"elementor-element elementor-element-d2cacb0 e-flex e-con-boxed e-con e-parent\" data-id=\"d2cacb0\" data-element_type=\"container\" data-settings=\"{&quot;background_background&quot;:&quot;classic&quot;}\">\n\t\t\t\t\t<div class=\"e-con-inner\">\n\t\t<div class=\"elementor-element elementor-element-574d432 e-con-full e-flex e-con e-child\" data-id=\"574d432\" data-element_type=\"container\" data-settings=\"{&quot;background_background&quot;:&quot;classic&quot;}\">\n\t\t\t\t<\/div>\n\t\t\t\t\t<\/div>\n\t\t\t\t<\/div>\n\t\t<div class=\"elementor-element elementor-element-2d05a75 e-flex e-con-boxed e-con e-parent\" data-id=\"2d05a75\" data-element_type=\"container\">\n\t\t\t\t\t<div class=\"e-con-inner\">\n\t\t<div class=\"elementor-element elementor-element-36454ba e-con-full e-flex e-con e-child\" data-id=\"36454ba\" data-element_type=\"container\">\n\t\t\t\t<\/div>\n\t\t\t\t\t<\/div>\n\t\t\t\t<\/div>\n\t\t\t\t<\/div>\n\t\t","protected":false},"excerpt":{"rendered":"<p>Til m\u00f8de om for\u00e6ldreretituations https:\/\/vimeo.com\/1092104774\/2ff6e40a93 Refleksionssp\u00f8rgsm\u00e5l nyt valg afslut 1. Hvad t\u00e6nker du overordnet om samtalen i denne del? 2. Hvad t\u00e6nker du om farens reaktion? Om morens? 3. Hvilken betydning kan for\u00e6ldrenes reaktion f\u00e5 for det videre forl\u00f8b og hvorfor? 4. Fors\u00f8g at s\u00e6tte dig i for\u00e6ldrenes sted i forhold til fagpersonalets m\u00e5de at [&hellip;]<\/p>\n","protected":false},"author":3,"featured_media":0,"parent":0,"menu_order":0,"comment_status":"closed","ping_status":"closed","template":"elementor_header_footer","meta":{"footnotes":""},"class_list":["post-1080","page","type-page","status-publish","hentry"],"yoast_head":"<!-- This site is optimized with the Yoast SEO plugin v25.3.1 - https:\/\/yoast.com\/wordpress\/plugins\/seo\/ -->\n<title>Situationsfilm 2a - St\u00e5sted i livet | Mandecentret<\/title>\n<meta name=\"robots\" content=\"index, follow, max-snippet:-1, max-image-preview:large, max-video-preview:-1\" \/>\n<link rel=\"canonical\" href=\"https:\/\/mandecentret.dk\/staasted-i-livet\/situationsfilm2a\/\" \/>\n<meta property=\"og:locale\" content=\"da_DK\" \/>\n<meta property=\"og:type\" content=\"article\" \/>\n<meta property=\"og:title\" content=\"Situationsfilm 2a - St\u00e5sted i livet | Mandecentret\" \/>\n<meta property=\"og:description\" content=\"Til m\u00f8de om for\u00e6ldreretituations https:\/\/vimeo.com\/1092104774\/2ff6e40a93 Refleksionssp\u00f8rgsm\u00e5l nyt valg afslut 1. Hvad t\u00e6nker du overordnet om samtalen i denne del? 2. Hvad t\u00e6nker du om farens reaktion? Om morens? 3. Hvilken betydning kan for\u00e6ldrenes reaktion f\u00e5 for det videre forl\u00f8b og hvorfor? 4. Fors\u00f8g at s\u00e6tte dig i for\u00e6ldrenes sted i forhold til fagpersonalets m\u00e5de at [&hellip;]\" \/>\n<meta property=\"og:url\" content=\"https:\/\/mandecentret.dk\/staasted-i-livet\/situationsfilm2a\/\" \/>\n<meta property=\"og:site_name\" content=\"St\u00e5sted i livet | Mandecentret\" \/>\n<meta property=\"article:modified_time\" content=\"2025-06-23T08:50:21+00:00\" \/>\n<meta name=\"twitter:card\" content=\"summary_large_image\" \/>\n<meta name=\"twitter:label1\" content=\"Estimeret l\u00e6setid\" \/>\n\t<meta name=\"twitter:data1\" content=\"1 minut\" \/>\n<script type=\"application\/ld+json\" class=\"yoast-schema-graph\">{\"@context\":\"https:\/\/schema.org\",\"@graph\":[{\"@type\":\"WebPage\",\"@id\":\"https:\/\/mandecentret.dk\/staasted-i-livet\/situationsfilm2a\/\",\"url\":\"https:\/\/mandecentret.dk\/staasted-i-livet\/situationsfilm2a\/\",\"name\":\"Situationsfilm 2a - St\u00e5sted i livet | Mandecentret\",\"isPartOf\":{\"@id\":\"https:\/\/mandecentret.dk\/staasted-i-livet\/#website\"},\"datePublished\":\"2025-06-09T10:32:50+00:00\",\"dateModified\":\"2025-06-23T08:50:21+00:00\",\"breadcrumb\":{\"@id\":\"https:\/\/mandecentret.dk\/staasted-i-livet\/situationsfilm2a\/#breadcrumb\"},\"inLanguage\":\"da-DK\",\"potentialAction\":[{\"@type\":\"ReadAction\",\"target\":[\"https:\/\/mandecentret.dk\/staasted-i-livet\/situationsfilm2a\/\"]}]},{\"@type\":\"BreadcrumbList\",\"@id\":\"https:\/\/mandecentret.dk\/staasted-i-livet\/situationsfilm2a\/#breadcrumb\",\"itemListElement\":[{\"@type\":\"ListItem\",\"position\":1,\"name\":\"Home\",\"item\":\"https:\/\/mandecentret.dk\/staasted-i-livet\/\"},{\"@type\":\"ListItem\",\"position\":2,\"name\":\"Situationsfilm 2a\"}]},{\"@type\":\"WebSite\",\"@id\":\"https:\/\/mandecentret.dk\/staasted-i-livet\/#website\",\"url\":\"https:\/\/mandecentret.dk\/staasted-i-livet\/\",\"name\":\"St\u00e5sted i livet | Mandecentret\",\"description\":\"\",\"potentialAction\":[{\"@type\":\"SearchAction\",\"target\":{\"@type\":\"EntryPoint\",\"urlTemplate\":\"https:\/\/mandecentret.dk\/staasted-i-livet\/?s={search_term_string}\"},\"query-input\":{\"@type\":\"PropertyValueSpecification\",\"valueRequired\":true,\"valueName\":\"search_term_string\"}}],\"inLanguage\":\"da-DK\"}]}<\/script>\n<!-- \/ Yoast SEO plugin. -->","yoast_head_json":{"title":"Situationsfilm 2a - St\u00e5sted i livet | Mandecentret","robots":{"index":"index","follow":"follow","max-snippet":"max-snippet:-1","max-image-preview":"max-image-preview:large","max-video-preview":"max-video-preview:-1"},"canonical":"https:\/\/mandecentret.dk\/staasted-i-livet\/situationsfilm2a\/","og_locale":"da_DK","og_type":"article","og_title":"Situationsfilm 2a - St\u00e5sted i livet | Mandecentret","og_description":"Til m\u00f8de om for\u00e6ldreretituations https:\/\/vimeo.com\/1092104774\/2ff6e40a93 Refleksionssp\u00f8rgsm\u00e5l nyt valg afslut 1. Hvad t\u00e6nker du overordnet om samtalen i denne del? 2. Hvad t\u00e6nker du om farens reaktion? Om morens? 3. Hvilken betydning kan for\u00e6ldrenes reaktion f\u00e5 for det videre forl\u00f8b og hvorfor? 4. Fors\u00f8g at s\u00e6tte dig i for\u00e6ldrenes sted i forhold til fagpersonalets m\u00e5de at [&hellip;]","og_url":"https:\/\/mandecentret.dk\/staasted-i-livet\/situationsfilm2a\/","og_site_name":"St\u00e5sted i livet | Mandecentret","article_modified_time":"2025-06-23T08:50:21+00:00","twitter_card":"summary_large_image","twitter_misc":{"Estimeret l\u00e6setid":"1 minut"},"schema":{"@context":"https:\/\/schema.org","@graph":[{"@type":"WebPage","@id":"https:\/\/mandecentret.dk\/staasted-i-livet\/situationsfilm2a\/","url":"https:\/\/mandecentret.dk\/staasted-i-livet\/situationsfilm2a\/","name":"Situationsfilm 2a - St\u00e5sted i livet | Mandecentret","isPartOf":{"@id":"https:\/\/mandecentret.dk\/staasted-i-livet\/#website"},"datePublished":"2025-06-09T10:32:50+00:00","dateModified":"2025-06-23T08:50:21+00:00","breadcrumb":{"@id":"https:\/\/mandecentret.dk\/staasted-i-livet\/situationsfilm2a\/#breadcrumb"},"inLanguage":"da-DK","potentialAction":[{"@type":"ReadAction","target":["https:\/\/mandecentret.dk\/staasted-i-livet\/situationsfilm2a\/"]}]},{"@type":"BreadcrumbList","@id":"https:\/\/mandecentret.dk\/staasted-i-livet\/situationsfilm2a\/#breadcrumb","itemListElement":[{"@type":"ListItem","position":1,"name":"Home","item":"https:\/\/mandecentret.dk\/staasted-i-livet\/"},{"@type":"ListItem","position":2,"name":"Situationsfilm 2a"}]},{"@type":"WebSite","@id":"https:\/\/mandecentret.dk\/staasted-i-livet\/#website","url":"https:\/\/mandecentret.dk\/staasted-i-livet\/","name":"St\u00e5sted i livet | Mandecentret","description":"","potentialAction":[{"@type":"SearchAction","target":{"@type":"EntryPoint","urlTemplate":"https:\/\/mandecentret.dk\/staasted-i-livet\/?s={search_term_string}"},"query-input":{"@type":"PropertyValueSpecification","valueRequired":true,"valueName":"search_term_string"}}],"inLanguage":"da-DK"}]}},"_links":{"self":[{"href":"https:\/\/mandecentret.dk\/staasted-i-livet\/wp-json\/wp\/v2\/pages\/1080","targetHints":{"allow":["GET"]}}],"collection":[{"href":"https:\/\/mandecentret.dk\/staasted-i-livet\/wp-json\/wp\/v2\/pages"}],"about":[{"href":"https:\/\/mandecentret.dk\/staasted-i-livet\/wp-json\/wp\/v2\/types\/page"}],"author":[{"embeddable":true,"href":"https:\/\/mandecentret.dk\/staasted-i-livet\/wp-json\/wp\/v2\/users\/3"}],"replies":[{"embeddable":true,"href":"https:\/\/mandecentret.dk\/staasted-i-livet\/wp-json\/wp\/v2\/comments?post=1080"}],"version-history":[{"count":38,"href":"https:\/\/mandecentret.dk\/staasted-i-livet\/wp-json\/wp\/v2\/pages\/1080\/revisions"}],"predecessor-version":[{"id":1403,"href":"https:\/\/mandecentret.dk\/staasted-i-livet\/wp-json\/wp\/v2\/pages\/1080\/revisions\/1403"}],"wp:attachment":[{"href":"https:\/\/mandecentret.dk\/staasted-i-livet\/wp-json\/wp\/v2\/media?parent=1080"}],"curies":[{"name":"wp","href":"https:\/\/api.w.org\/{rel}","templated":true}]}}